{"id":6,"date":"2023-12-19T14:06:20","date_gmt":"2023-12-19T06:06:20","guid":{"rendered":"https:\/\/mayaharper.showcasingme.net\/vn\/?page_id=6"},"modified":"2024-01-08T16:51:35","modified_gmt":"2024-01-08T08:51:35","slug":"writing","status":"publish","type":"page","link":"https:\/\/mayaharper.showcasingme.net\/vn\/writing\/","title":{"rendered":"Writing"},"content":{"rendered":"\n<p><\/p>\n\n\n<div class='pt-cv-wrapper'> <div class=\"pt-cv-view pt-cv-blockgrid iscvblock iscvreal grid1 layout1 cveffect-zoomin\" id=\"pt-cv-view-8s6h4mk0\"><div data-id=\"pt-cv-page-1\" class=\"pt-cv-page\" data-cvc=\"4\"><div class=\" pt-cv-content-item pt-cv-1-col\" ><div class=\"pt-cv-thumb-wrapper  \"><a href=\"https:\/\/mayaharper.showcasingme.net\/vn\/versatile-wordsmith\/\" class=\"_self pt-cv-href-thumbnail pt-cv-thumb-default\" target=\"_self\" ><img loading=\"lazy\" decoding=\"async\" width=\"768\" height=\"768\" src=\"https:\/\/mayaharper.showcasingme.net\/vn\/wp-content\/uploads\/sites\/10\/2026\/03\/versatile-wordsmith-portfolio-thumbnail-768x768.png\" class=\"pt-cv-thumbnail\" alt=\"\" \/><\/a><\/div>\n<div class=\"pt-cv-taxoterm above_title\"><a href='https:\/\/mayaharper.showcasingme.net\/vn\/category\/writing\/' title='Writing' class='pt-cv-tax-writing'>Writing<\/a><\/div>\n<h4 class=\"pt-cv-title\"><a href=\"https:\/\/mayaharper.showcasingme.net\/vn\/versatile-wordsmith\/\" class=\"_self\" target=\"_self\" >Ng\u01b0\u1eddi vi\u1ebft v\u0103n \u0111a n\u0103ng<\/a><\/h4><\/div><\/div><\/div> <\/div> <style>\n\n#pt-cv-view-8s6h4mk0 .pt-cv-meta-fields {  }#pt-cv-view-8s6h4mk0 .pt-cv-meta-fields * { font-size: 13px; }.pt-cv-heading-container[data-blockid=\"8s6h4mk0\"] { text-align: center; }.pt-cv-heading-container[data-blockid=\"8s6h4mk0\"] * {  }#pt-cv-view-8s6h4mk0 .pt-cv-thumb-wrapper:not(.miniwrap) {  }#pt-cv-view-8s6h4mk0 .pt-cv-thumbnail:not(.pt-cv-thumbnailsm) { height: 270px; }#pt-cv-view-8s6h4mk0 .pt-cv-title a { display: block; }#pt-cv-view-8s6h4mk0 .pt-cv-title:not(.pt-cv-titlesm) a { font-weight: 600;text-decoration: none;font-size: 20px; }#pt-cv-view-8s6h4mk0 .pt-cv-titlesm a { font-weight: 600;font-size: 18px; }#pt-cv-view-8s6h4mk0 .pt-cv-content { font-size: 15px; }#pt-cv-view-8s6h4mk0 .pt-cv-rmwrap {  }#pt-cv-view-8s6h4mk0 .pt-cv-readmore { color: #fff;background-color: #0075ff;font-size: 14px; }#pt-cv-view-8s6h4mk0 .pt-cv-taxoterm {  }#pt-cv-view-8s6h4mk0 .pt-cv-taxoterm * { color: #222;background-color: #fff6f6;font-size: 14px; }#pt-cv-view-8s6h4mk0 + .pt-cv-pagination-wrapper {  }#pt-cv-view-8s6h4mk0 + .pt-cv-pagination-wrapper a { font-size: 14px; }#pt-cv-view-8s6h4mk0 > .pt-cv-page {grid-template-columns: repeat(4, 1fr);grid-gap: 5px;}\n@media all and (max-width: 1024px) { \n#pt-cv-view-8s6h4mk0 > .pt-cv-page {grid-gap: 20px;}\n} \n@media all and (max-width: 767px) { \n#pt-cv-view-8s6h4mk0 > .pt-cv-page {grid-template-columns: repeat(1, 1fr);grid-gap: 20px;}\n} <\/style>","protected":false},"excerpt":{"rendered":"","protected":false},"author":1,"featured_media":0,"parent":0,"menu_order":0,"comment_status":"closed","ping_status":"closed","template":"","meta":{"_yoast_wpseo_title":"","_yoast_wpseo_metadesc":"","_uag_custom_page_level_css":"","footnotes":""},"class_list":["post-6","page","type-page","status-publish","hentry"],"yoast_head":"<!-- This site is optimized with the Yoast SEO plugin v24.2 - https:\/\/yoast.com\/wordpress\/plugins\/seo\/ -->\n<title>Writing - Maya Harper Vietnamese<\/title>\n<meta name=\"robots\" content=\"index, follow, max-snippet:-1, max-image-preview:large, max-video-preview:-1\" \/>\n<link rel=\"canonical\" href=\"https:\/\/mayaharper.showcasingme.net\/vn\/writing\/\" \/>\n<meta property=\"og:locale\" content=\"vi_VN\" \/>\n<meta property=\"og:type\" content=\"article\" \/>\n<meta property=\"og:title\" content=\"Writing - Maya Harper Vietnamese\" \/>\n<meta property=\"og:url\" content=\"https:\/\/mayaharper.showcasingme.net\/vn\/writing\/\" \/>\n<meta property=\"og:site_name\" content=\"Maya Harper Vietnamese\" \/>\n<meta property=\"article:modified_time\" content=\"2024-01-08T08:51:35+00:00\" \/>\n<meta name=\"twitter:card\" content=\"summary_large_image\" \/>\n<script type=\"application\/ld+json\" class=\"yoast-schema-graph\">{\"@context\":\"https:\/\/schema.org\",\"@graph\":[{\"@type\":\"WebPage\",\"@id\":\"https:\/\/mayaharper.showcasingme.net\/vn\/writing\/\",\"url\":\"https:\/\/mayaharper.showcasingme.net\/vn\/writing\/\",\"name\":\"Writing - Maya Harper Vietnamese\",\"isPartOf\":{\"@id\":\"https:\/\/mayaharper.showcasingme.net\/vn\/#website\"},\"datePublished\":\"2023-12-19T06:06:20+00:00\",\"dateModified\":\"2024-01-08T08:51:35+00:00\",\"breadcrumb\":{\"@id\":\"https:\/\/mayaharper.showcasingme.net\/vn\/writing\/#breadcrumb\"},\"inLanguage\":\"vi\",\"potentialAction\":[{\"@type\":\"ReadAction\",\"target\":[\"https:\/\/mayaharper.showcasingme.net\/vn\/writing\/\"]}]},{\"@type\":\"BreadcrumbList\",\"@id\":\"https:\/\/mayaharper.showcasingme.net\/vn\/writing\/#breadcrumb\",\"itemListElement\":[{\"@type\":\"ListItem\",\"position\":1,\"name\":\"Home\",\"item\":\"https:\/\/mayaharper.showcasingme.net\/vn\/\"},{\"@type\":\"ListItem\",\"position\":2,\"name\":\"Writing\"}]},{\"@type\":\"WebSite\",\"@id\":\"https:\/\/mayaharper.showcasingme.net\/vn\/#website\",\"url\":\"https:\/\/mayaharper.showcasingme.net\/vn\/\",\"name\":\"Maya Harper Vietnamese\",\"description\":\"\",\"potentialAction\":[{\"@type\":\"SearchAction\",\"target\":{\"@type\":\"EntryPoint\",\"urlTemplate\":\"https:\/\/mayaharper.showcasingme.net\/vn\/?s={search_term_string}\"},\"query-input\":{\"@type\":\"PropertyValueSpecification\",\"valueRequired\":true,\"valueName\":\"search_term_string\"}}],\"inLanguage\":\"vi\"}]}<\/script>\n<!-- \/ Yoast SEO plugin. -->","yoast_head_json":{"title":"Writing - Maya Harper Vietnamese","robots":{"index":"index","follow":"follow","max-snippet":"max-snippet:-1","max-image-preview":"max-image-preview:large","max-video-preview":"max-video-preview:-1"},"canonical":"https:\/\/mayaharper.showcasingme.net\/vn\/writing\/","og_locale":"vi_VN","og_type":"article","og_title":"Writing - Maya Harper Vietnamese","og_url":"https:\/\/mayaharper.showcasingme.net\/vn\/writing\/","og_site_name":"Maya Harper Vietnamese","article_modified_time":"2024-01-08T08:51:35+00:00","twitter_card":"summary_large_image","schema":{"@context":"https:\/\/schema.org","@graph":[{"@type":"WebPage","@id":"https:\/\/mayaharper.showcasingme.net\/vn\/writing\/","url":"https:\/\/mayaharper.showcasingme.net\/vn\/writing\/","name":"Writing - Maya Harper Vietnamese","isPartOf":{"@id":"https:\/\/mayaharper.showcasingme.net\/vn\/#website"},"datePublished":"2023-12-19T06:06:20+00:00","dateModified":"2024-01-08T08:51:35+00:00","breadcrumb":{"@id":"https:\/\/mayaharper.showcasingme.net\/vn\/writing\/#breadcrumb"},"inLanguage":"vi","potentialAction":[{"@type":"ReadAction","target":["https:\/\/mayaharper.showcasingme.net\/vn\/writing\/"]}]},{"@type":"BreadcrumbList","@id":"https:\/\/mayaharper.showcasingme.net\/vn\/writing\/#breadcrumb","itemListElement":[{"@type":"ListItem","position":1,"name":"Home","item":"https:\/\/mayaharper.showcasingme.net\/vn\/"},{"@type":"ListItem","position":2,"name":"Writing"}]},{"@type":"WebSite","@id":"https:\/\/mayaharper.showcasingme.net\/vn\/#website","url":"https:\/\/mayaharper.showcasingme.net\/vn\/","name":"Maya Harper Vietnamese","description":"","potentialAction":[{"@type":"SearchAction","target":{"@type":"EntryPoint","urlTemplate":"https:\/\/mayaharper.showcasingme.net\/vn\/?s={search_term_string}"},"query-input":{"@type":"PropertyValueSpecification","valueRequired":true,"valueName":"search_term_string"}}],"inLanguage":"vi"}]}},"uagb_featured_image_src":{"full":false,"thumbnail":false,"medium":false,"medium_large":false,"large":false,"1536x1536":false,"2048x2048":false},"uagb_author_info":{"display_name":"vpadmin","author_link":"https:\/\/mayaharper.showcasingme.net\/vn\/author\/vpadmin\/"},"uagb_comment_info":0,"uagb_excerpt":null,"_links":{"self":[{"href":"https:\/\/mayaharper.showcasingme.net\/vn\/wp-json\/wp\/v2\/pages\/6","targetHints":{"allow":["GET"]}}],"collection":[{"href":"https:\/\/mayaharper.showcasingme.net\/vn\/wp-json\/wp\/v2\/pages"}],"about":[{"href":"https:\/\/mayaharper.showcasingme.net\/vn\/wp-json\/wp\/v2\/types\/page"}],"author":[{"embeddable":true,"href":"https:\/\/mayaharper.showcasingme.net\/vn\/wp-json\/wp\/v2\/users\/1"}],"replies":[{"embeddable":true,"href":"https:\/\/mayaharper.showcasingme.net\/vn\/wp-json\/wp\/v2\/comments?post=6"}],"version-history":[{"count":3,"href":"https:\/\/mayaharper.showcasingme.net\/vn\/wp-json\/wp\/v2\/pages\/6\/revisions"}],"predecessor-version":[{"id":84,"href":"https:\/\/mayaharper.showcasingme.net\/vn\/wp-json\/wp\/v2\/pages\/6\/revisions\/84"}],"wp:attachment":[{"href":"https:\/\/mayaharper.showcasingme.net\/vn\/wp-json\/wp\/v2\/media?parent=6"}],"curies":[{"name":"wp","href":"https:\/\/api.w.org\/{rel}","templated":true}]}}