{"id":117,"date":"2024-11-25T11:38:50","date_gmt":"2024-11-25T03:38:50","guid":{"rendered":"https:\/\/mayaharper.showcasingme.net\/vn\/?page_id=117"},"modified":"2024-11-25T11:38:51","modified_gmt":"2024-11-25T03:38:51","slug":"blog","status":"publish","type":"page","link":"https:\/\/mayaharper.showcasingme.net\/vn\/blog\/","title":{"rendered":"Blog"},"content":{"rendered":"\n<div class=\"wp-block-uagb-container uagb-block-1fd6ef9f alignfull uagb-is-root-container\"><div class=\"uagb-container-inner-blocks-wrap\">\n<div class=\"wp-block-uagb-container uagb-block-4bf06fcb\"><div class='pt-cv-wrapper'> <h3 class='pt-cv-heading-container heading1' data-blockid='jgwc19ct'><span class='pt-cv-heading'> List <\/span><\/h3><div class=\"pt-cv-view pt-cv-blockgrid iscvblock iscvreal list1 layout1\" id=\"pt-cv-view-jgwc19ct\"><div data-id=\"pt-cv-page-1\" class=\"pt-cv-page\" data-cvc=\"1\"><div class=\" pt-cv-content-item pt-cv-2-col\" ><div class=\"pt-cv-thumb-wrapper pull-left \"><a href=\"https:\/\/mayaharper.showcasingme.net\/vn\/comprehensive-tutorial-for-visual-paradigm-the-1-development-tool-suite\/\" class=\"_self pt-cv-href-thumbnail pt-cv-thumb-left\" target=\"_self\" ><img decoding=\"async\" src=\"https:\/\/mayaharper.showcasingme.net\/vn\/wp-content\/plugins\/content-views-query-and-display-post-page\/public\/assets\/images\/default_image.png\" class=\"pt-cv-thumbnail pull-left cv-default-img\" alt=\"H\u01b0\u1edbng d\u1eabn to\u00e0n di\u1ec7n v\u1ec1 Visual Paradigm: B\u1ed9 c\u00f4ng c\u1ee5 ph\u00e1t tri\u1ec3n h\u00e0ng \u0111\u1ea7u\" title=\"\" \/><\/a><\/div>\n<div class=\"pt-cv-colwrap\"><div class=\"pt-cv-taxoterm above_title\"><a href='https:\/\/mayaharper.showcasingme.net\/vn\/category\/visual-paradigm\/' title='Visual Paradigm' class='pt-cv-tax-visual-paradigm'>Visual Paradigm<\/a><\/div><h4 class=\"pt-cv-title\"><a href=\"https:\/\/mayaharper.showcasingme.net\/vn\/comprehensive-tutorial-for-visual-paradigm-the-1-development-tool-suite\/\" class=\"_self\" target=\"_self\" >H\u01b0\u1edbng d\u1eabn to\u00e0n di\u1ec7n v\u1ec1 Visual Paradigm: B\u1ed9 c\u00f4ng c\u1ee5 ph\u00e1t tri\u1ec3n h\u00e0ng \u0111\u1ea7u<\/a><\/h4><div class=\"pt-cv-content\">Visual Paradigm l\u00e0 m\u1ed9t b\u1ed9 c\u00f4ng c\u1ee5 m\u1ea1nh m\u1ebd g\u1ed3m c\u00e1c c\u00f4ng c\u1ee5 thi\u1ebft k\u1ebf, ph\u00e2n t\u00edch v\u00e0 qu\u1ea3n l\u00fd &#8230;<\/div><div class=\"pt-cv-rmwrap\"><a href=\"https:\/\/mayaharper.showcasingme.net\/vn\/comprehensive-tutorial-for-visual-paradigm-the-1-development-tool-suite\/\" class=\"_self pt-cv-readmore btn btn-success\" target=\"_self\" >Xem Chi Ti\u1ebft<\/a><\/div><\/div><\/div>\n<div class=\" pt-cv-content-item pt-cv-2-col\" ><div class=\"pt-cv-thumb-wrapper pull-left \"><a href=\"https:\/\/mayaharper.showcasingme.net\/vn\/photography-portfolio\/\" class=\"_self pt-cv-href-thumbnail pt-cv-thumb-left\" target=\"_self\" ><img loading=\"lazy\" decoding=\"async\" width=\"768\" height=\"768\" src=\"https:\/\/mayaharper.showcasingme.net\/vn\/wp-content\/uploads\/sites\/10\/2026\/03\/photo-portfolio-thumbnail-768x768.png\" class=\"pt-cv-thumbnail pull-left\" alt=\"\" \/><\/a><\/div>\n<div class=\"pt-cv-colwrap\"><div class=\"pt-cv-taxoterm above_title\"><a href='https:\/\/mayaharper.showcasingme.net\/vn\/category\/photography\/' title='Photography' class='pt-cv-tax-photography'>Photography<\/a><\/div><h4 class=\"pt-cv-title\"><a href=\"https:\/\/mayaharper.showcasingme.net\/vn\/photography-portfolio\/\" class=\"_self\" target=\"_self\" >Th\u01b0 vi\u1ec7n \u1ea3nh ch\u1ee5p<\/a><\/h4><div class=\"pt-cv-content\"> &#8230;<\/div><div class=\"pt-cv-rmwrap\"><a href=\"https:\/\/mayaharper.showcasingme.net\/vn\/photography-portfolio\/\" class=\"_self pt-cv-readmore btn btn-success\" target=\"_self\" >Xem Chi Ti\u1ebft<\/a><\/div><\/div><\/div>\n<div class=\" pt-cv-content-item pt-cv-2-col\" ><div class=\"pt-cv-thumb-wrapper pull-left \"><a href=\"https:\/\/mayaharper.showcasingme.net\/vn\/writing-portfolio\/\" class=\"_self pt-cv-href-thumbnail pt-cv-thumb-left\" target=\"_self\" ><img loading=\"lazy\" decoding=\"async\" width=\"768\" height=\"768\" src=\"https:\/\/mayaharper.showcasingme.net\/vn\/wp-content\/uploads\/sites\/10\/2026\/03\/unveiling-writing-portfolio-thumbnail-768x768.png\" class=\"pt-cv-thumbnail pull-left\" alt=\"\" \/><\/a><\/div>\n<div class=\"pt-cv-colwrap\"><div class=\"pt-cv-taxoterm above_title\"><a href='https:\/\/mayaharper.showcasingme.net\/vn\/category\/design-projects\/' title='Design Projects' class='pt-cv-tax-design-projects'>Design Projects<\/a><\/div><h4 class=\"pt-cv-title\"><a href=\"https:\/\/mayaharper.showcasingme.net\/vn\/writing-portfolio\/\" class=\"_self\" target=\"_self\" >B\u1eadt m\u00ed v\u1ec1 v\u0103n vi\u1ebft<\/a><\/h4><div class=\"pt-cv-content\"> &#8230;<\/div><div class=\"pt-cv-rmwrap\"><a href=\"https:\/\/mayaharper.showcasingme.net\/vn\/writing-portfolio\/\" class=\"_self pt-cv-readmore btn btn-success\" target=\"_self\" >Xem Chi Ti\u1ebft<\/a><\/div><\/div><\/div>\n<div class=\" pt-cv-content-item pt-cv-2-col\" ><div class=\"pt-cv-thumb-wrapper pull-left \"><a href=\"https:\/\/mayaharper.showcasingme.net\/vn\/versatile-wordsmith\/\" class=\"_self pt-cv-href-thumbnail pt-cv-thumb-left\" target=\"_self\" ><img loading=\"lazy\" decoding=\"async\" width=\"768\" height=\"768\" src=\"https:\/\/mayaharper.showcasingme.net\/vn\/wp-content\/uploads\/sites\/10\/2026\/03\/versatile-wordsmith-portfolio-thumbnail-768x768.png\" class=\"pt-cv-thumbnail pull-left\" alt=\"\" \/><\/a><\/div>\n<div class=\"pt-cv-colwrap\"><div class=\"pt-cv-taxoterm above_title\"><a href='https:\/\/mayaharper.showcasingme.net\/vn\/category\/writing\/' title='Writing' class='pt-cv-tax-writing'>Writing<\/a><\/div><h4 class=\"pt-cv-title\"><a href=\"https:\/\/mayaharper.showcasingme.net\/vn\/versatile-wordsmith\/\" class=\"_self\" target=\"_self\" >Ng\u01b0\u1eddi vi\u1ebft v\u0103n \u0111a n\u0103ng<\/a><\/h4><div class=\"pt-cv-content\"> &#8230;<\/div><div class=\"pt-cv-rmwrap\"><a href=\"https:\/\/mayaharper.showcasingme.net\/vn\/versatile-wordsmith\/\" class=\"_self pt-cv-readmore btn btn-success\" target=\"_self\" >Xem Chi Ti\u1ebft<\/a><\/div><\/div><\/div>\n<div class=\" pt-cv-content-item pt-cv-2-col\" ><div class=\"pt-cv-thumb-wrapper pull-left \"><a href=\"https:\/\/mayaharper.showcasingme.net\/vn\/street-photography\/\" class=\"_self pt-cv-href-thumbnail pt-cv-thumb-left\" target=\"_self\" ><img loading=\"lazy\" decoding=\"async\" width=\"768\" height=\"768\" src=\"https:\/\/mayaharper.showcasingme.net\/vn\/wp-content\/uploads\/sites\/10\/2026\/03\/street-photography-portfolio-thumbnail-768x768.png\" class=\"pt-cv-thumbnail pull-left\" alt=\"\" \/><\/a><\/div>\n<div class=\"pt-cv-colwrap\"><div class=\"pt-cv-taxoterm above_title\"><a href='https:\/\/mayaharper.showcasingme.net\/vn\/category\/photography\/' title='Photography' class='pt-cv-tax-photography'>Photography<\/a><\/div><h4 class=\"pt-cv-title\"><a href=\"https:\/\/mayaharper.showcasingme.net\/vn\/street-photography\/\" class=\"_self\" target=\"_self\" >Fotografia \u0111\u01b0\u1eddng ph\u1ed1<\/a><\/h4><div class=\"pt-cv-content\"> &#8230;<\/div><div class=\"pt-cv-rmwrap\"><a href=\"https:\/\/mayaharper.showcasingme.net\/vn\/street-photography\/\" class=\"_self pt-cv-readmore btn btn-success\" target=\"_self\" >Xem Chi Ti\u1ebft<\/a><\/div><\/div><\/div>\n<div class=\" pt-cv-content-item pt-cv-2-col\" ><div class=\"pt-cv-thumb-wrapper pull-left \"><a href=\"https:\/\/mayaharper.showcasingme.net\/vn\/nature-and-landscape-photography\/\" class=\"_self pt-cv-href-thumbnail pt-cv-thumb-left\" target=\"_self\" ><img loading=\"lazy\" decoding=\"async\" width=\"768\" height=\"768\" src=\"https:\/\/mayaharper.showcasingme.net\/vn\/wp-content\/uploads\/sites\/10\/2026\/03\/natural-photography-portfolio-thumbnail-768x768.png\" class=\"pt-cv-thumbnail pull-left\" alt=\"\" \/><\/a><\/div>\n<div class=\"pt-cv-colwrap\"><div class=\"pt-cv-taxoterm above_title\"><a href='https:\/\/mayaharper.showcasingme.net\/vn\/category\/photography\/' title='Photography' class='pt-cv-tax-photography'>Photography<\/a><\/div><h4 class=\"pt-cv-title\"><a href=\"https:\/\/mayaharper.showcasingme.net\/vn\/nature-and-landscape-photography\/\" class=\"_self\" target=\"_self\" >Ch\u1ee5p \u1ea3nh thi\u00ean nhi\u00ean v\u00e0 phong c\u1ea3nh<\/a><\/h4><div class=\"pt-cv-content\"> &#8230;<\/div><div class=\"pt-cv-rmwrap\"><a href=\"https:\/\/mayaharper.showcasingme.net\/vn\/nature-and-landscape-photography\/\" class=\"_self pt-cv-readmore btn btn-success\" target=\"_self\" >Xem Chi Ti\u1ebft<\/a><\/div><\/div><\/div><\/div><\/div> <\/div> <style>\n\n#pt-cv-view-jgwc19ct .pt-cv-meta-fields {  }#pt-cv-view-jgwc19ct .pt-cv-meta-fields * { font-size: 13px; }#pt-cv-view-jgwc19ct .pt-cv-thumb-wrapper:not(.miniwrap) { width: 40%; }#pt-cv-view-jgwc19ct .pt-cv-thumbnail:not(.pt-cv-thumbnailsm) { height: 300px; }#pt-cv-view-jgwc19ct .pt-cv-title a { display: block; }#pt-cv-view-jgwc19ct .pt-cv-title:not(.pt-cv-titlesm) a { font-weight: 600;text-decoration: none;font-size: 22px; }#pt-cv-view-jgwc19ct .pt-cv-titlesm a { font-weight: 600;font-size: 18px; }#pt-cv-view-jgwc19ct .pt-cv-content { font-size: 15px; }#pt-cv-view-jgwc19ct .pt-cv-rmwrap {  }#pt-cv-view-jgwc19ct .pt-cv-readmore { color: #fff;background-color: #0075ff;font-size: 14px; }#pt-cv-view-jgwc19ct .pt-cv-taxoterm {  }#pt-cv-view-jgwc19ct .pt-cv-taxoterm * { color: #222;background-color: #fff6f6;font-size: 14px; }#pt-cv-view-jgwc19ct + .pt-cv-pagination-wrapper {  }#pt-cv-view-jgwc19ct + .pt-cv-pagination-wrapper a { font-size: 14px; }#pt-cv-view-jgwc19ct > .pt-cv-page {grid-template-columns: repeat(1, 1fr);grid-gap: 20px;}\n@media all and (max-width: 1024px) { \n#pt-cv-view-jgwc19ct > .pt-cv-page {grid-template-columns: repeat(1, 1fr);}\n} \n@media all and (max-width: 767px) { \n#pt-cv-view-jgwc19ct > .pt-cv-page {grid-template-columns: repeat(1, 1fr);}\n} <\/style><\/div>\n\n\n\n<div class=\"wp-block-uagb-container uagb-block-12ce6b76\">\n<div class=\"wp-block-uagb-advanced-heading uagb-block-c5fa0be0\"><h2 class=\"uagb-heading-text\">Categories<\/h2><\/div>\n\n\n<ul class=\"wp-block-categories-list wp-block-categories\">\t<li class=\"cat-item cat-item-18\"><a href=\"https:\/\/mayaharper.showcasingme.net\/vn\/category\/ai\/\">AI<\/a>\n<\/li>\n\t<li class=\"cat-item cat-item-17\"><a href=\"https:\/\/mayaharper.showcasingme.net\/vn\/category\/ai-image-translator\/\">AI Image Translator<\/a>\n<\/li>\n\t<li class=\"cat-item cat-item-9\"><a href=\"https:\/\/mayaharper.showcasingme.net\/vn\/category\/animated-video-maker\/\">Animated Video Maker<\/a>\n<\/li>\n\t<li class=\"cat-item cat-item-6\"><a href=\"https:\/\/mayaharper.showcasingme.net\/vn\/category\/art-work\/\">Art Work<\/a>\n<\/li>\n\t<li class=\"cat-item cat-item-12\"><a href=\"https:\/\/mayaharper.showcasingme.net\/vn\/category\/bookshelf\/\">Bookshelf<\/a>\n<\/li>\n\t<li class=\"cat-item cat-item-22\"><a href=\"https:\/\/mayaharper.showcasingme.net\/vn\/category\/content-visual\/\">Content &amp; Visual<\/a>\n<\/li>\n\t<li class=\"cat-item cat-item-4\"><a href=\"https:\/\/mayaharper.showcasingme.net\/vn\/category\/design-projects\/\">Design Projects<\/a>\n<\/li>\n\t<li class=\"cat-item cat-item-8\"><a href=\"https:\/\/mayaharper.showcasingme.net\/vn\/category\/flipbook-maker\/\">Flipbook Maker<\/a>\n<\/li>\n\t<li class=\"cat-item cat-item-10\"><a href=\"https:\/\/mayaharper.showcasingme.net\/vn\/category\/mind-map-smart-board\/\">Mind Map &#8211; Smart Board<\/a>\n<\/li>\n\t<li class=\"cat-item cat-item-16\"><a href=\"https:\/\/mayaharper.showcasingme.net\/vn\/category\/online-ppt-viewer\/\">Online PPT Viewer<\/a>\n<\/li>\n\t<li class=\"cat-item cat-item-5\"><a href=\"https:\/\/mayaharper.showcasingme.net\/vn\/category\/photography\/\">Photography<\/a>\n<\/li>\n\t<li class=\"cat-item cat-item-30\"><a href=\"https:\/\/mayaharper.showcasingme.net\/vn\/category\/project-management\/\">Project Management<\/a>\n<\/li>\n\t<li class=\"cat-item cat-item-11\"><a href=\"https:\/\/mayaharper.showcasingme.net\/vn\/category\/strategic-planning\/\">Strategic Planning<\/a>\n<\/li>\n\t<li class=\"cat-item cat-item-1\"><a href=\"https:\/\/mayaharper.showcasingme.net\/vn\/category\/uncategorized\/\">Uncategorized<\/a>\n<\/li>\n\t<li class=\"cat-item cat-item-13\"><a href=\"https:\/\/mayaharper.showcasingme.net\/vn\/category\/unified-modeling-language\/\">Unified Modeling Language<\/a>\n<\/li>\n\t<li class=\"cat-item cat-item-15\"><a href=\"https:\/\/mayaharper.showcasingme.net\/vn\/category\/visual-paradigm\/\">Visual Paradigm<\/a>\n<\/li>\n\t<li class=\"cat-item cat-item-3\"><a href=\"https:\/\/mayaharper.showcasingme.net\/vn\/category\/writing\/\">Writing<\/a>\n<\/li>\n<\/ul><\/div>\n<\/div><\/div>\n","protected":false},"excerpt":{"rendered":"<p>Categories<\/p>\n","protected":false},"author":1,"featured_media":0,"parent":0,"menu_order":0,"comment_status":"closed","ping_status":"closed","template":"","meta":{"_yoast_wpseo_title":"","_yoast_wpseo_metadesc":"","_uag_custom_page_level_css":"","footnotes":""},"class_list":["post-117","page","type-page","status-publish","hentry"],"yoast_head":"<!-- This site is optimized with the Yoast SEO plugin v24.2 - https:\/\/yoast.com\/wordpress\/plugins\/seo\/ -->\n<title>Blog - Maya Harper Vietnamese<\/title>\n<meta name=\"robots\" content=\"index, follow, max-snippet:-1, max-image-preview:large, max-video-preview:-1\" \/>\n<link rel=\"canonical\" href=\"https:\/\/mayaharper.showcasingme.net\/vn\/blog\/\" \/>\n<meta property=\"og:locale\" content=\"vi_VN\" \/>\n<meta property=\"og:type\" content=\"article\" \/>\n<meta property=\"og:title\" content=\"Blog - Maya Harper Vietnamese\" \/>\n<meta property=\"og:description\" content=\"Categories\" \/>\n<meta property=\"og:url\" content=\"https:\/\/mayaharper.showcasingme.net\/vn\/blog\/\" \/>\n<meta property=\"og:site_name\" content=\"Maya Harper Vietnamese\" \/>\n<meta property=\"article:modified_time\" content=\"2024-11-25T03:38:51+00:00\" \/>\n<meta name=\"twitter:card\" content=\"summary_large_image\" \/>\n<meta name=\"twitter:label1\" content=\"\u01af\u1edbc t\u00ednh th\u1eddi gian \u0111\u1ecdc\" \/>\n\t<meta name=\"twitter:data1\" content=\"1 ph\u00fat\" \/>\n<script type=\"application\/ld+json\" class=\"yoast-schema-graph\">{\"@context\":\"https:\/\/schema.org\",\"@graph\":[{\"@type\":\"WebPage\",\"@id\":\"https:\/\/mayaharper.showcasingme.net\/vn\/blog\/\",\"url\":\"https:\/\/mayaharper.showcasingme.net\/vn\/blog\/\",\"name\":\"Blog - Maya Harper Vietnamese\",\"isPartOf\":{\"@id\":\"https:\/\/mayaharper.showcasingme.net\/vn\/#website\"},\"datePublished\":\"2024-11-25T03:38:50+00:00\",\"dateModified\":\"2024-11-25T03:38:51+00:00\",\"breadcrumb\":{\"@id\":\"https:\/\/mayaharper.showcasingme.net\/vn\/blog\/#breadcrumb\"},\"inLanguage\":\"vi\",\"potentialAction\":[{\"@type\":\"ReadAction\",\"target\":[\"https:\/\/mayaharper.showcasingme.net\/vn\/blog\/\"]}]},{\"@type\":\"BreadcrumbList\",\"@id\":\"https:\/\/mayaharper.showcasingme.net\/vn\/blog\/#breadcrumb\",\"itemListElement\":[{\"@type\":\"ListItem\",\"position\":1,\"name\":\"Home\",\"item\":\"https:\/\/mayaharper.showcasingme.net\/vn\/\"},{\"@type\":\"ListItem\",\"position\":2,\"name\":\"Blog\"}]},{\"@type\":\"WebSite\",\"@id\":\"https:\/\/mayaharper.showcasingme.net\/vn\/#website\",\"url\":\"https:\/\/mayaharper.showcasingme.net\/vn\/\",\"name\":\"Maya Harper Vietnamese\",\"description\":\"\",\"potentialAction\":[{\"@type\":\"SearchAction\",\"target\":{\"@type\":\"EntryPoint\",\"urlTemplate\":\"https:\/\/mayaharper.showcasingme.net\/vn\/?s={search_term_string}\"},\"query-input\":{\"@type\":\"PropertyValueSpecification\",\"valueRequired\":true,\"valueName\":\"search_term_string\"}}],\"inLanguage\":\"vi\"}]}<\/script>\n<!-- \/ Yoast SEO plugin. -->","yoast_head_json":{"title":"Blog - Maya Harper Vietnamese","robots":{"index":"index","follow":"follow","max-snippet":"max-snippet:-1","max-image-preview":"max-image-preview:large","max-video-preview":"max-video-preview:-1"},"canonical":"https:\/\/mayaharper.showcasingme.net\/vn\/blog\/","og_locale":"vi_VN","og_type":"article","og_title":"Blog - Maya Harper Vietnamese","og_description":"Categories","og_url":"https:\/\/mayaharper.showcasingme.net\/vn\/blog\/","og_site_name":"Maya Harper Vietnamese","article_modified_time":"2024-11-25T03:38:51+00:00","twitter_card":"summary_large_image","twitter_misc":{"\u01af\u1edbc t\u00ednh th\u1eddi gian \u0111\u1ecdc":"1 ph\u00fat"},"schema":{"@context":"https:\/\/schema.org","@graph":[{"@type":"WebPage","@id":"https:\/\/mayaharper.showcasingme.net\/vn\/blog\/","url":"https:\/\/mayaharper.showcasingme.net\/vn\/blog\/","name":"Blog - Maya Harper Vietnamese","isPartOf":{"@id":"https:\/\/mayaharper.showcasingme.net\/vn\/#website"},"datePublished":"2024-11-25T03:38:50+00:00","dateModified":"2024-11-25T03:38:51+00:00","breadcrumb":{"@id":"https:\/\/mayaharper.showcasingme.net\/vn\/blog\/#breadcrumb"},"inLanguage":"vi","potentialAction":[{"@type":"ReadAction","target":["https:\/\/mayaharper.showcasingme.net\/vn\/blog\/"]}]},{"@type":"BreadcrumbList","@id":"https:\/\/mayaharper.showcasingme.net\/vn\/blog\/#breadcrumb","itemListElement":[{"@type":"ListItem","position":1,"name":"Home","item":"https:\/\/mayaharper.showcasingme.net\/vn\/"},{"@type":"ListItem","position":2,"name":"Blog"}]},{"@type":"WebSite","@id":"https:\/\/mayaharper.showcasingme.net\/vn\/#website","url":"https:\/\/mayaharper.showcasingme.net\/vn\/","name":"Maya Harper Vietnamese","description":"","potentialAction":[{"@type":"SearchAction","target":{"@type":"EntryPoint","urlTemplate":"https:\/\/mayaharper.showcasingme.net\/vn\/?s={search_term_string}"},"query-input":{"@type":"PropertyValueSpecification","valueRequired":true,"valueName":"search_term_string"}}],"inLanguage":"vi"}]}},"uagb_featured_image_src":{"full":false,"thumbnail":false,"medium":false,"medium_large":false,"large":false,"1536x1536":false,"2048x2048":false},"uagb_author_info":{"display_name":"vpadmin","author_link":"https:\/\/mayaharper.showcasingme.net\/vn\/author\/vpadmin\/"},"uagb_comment_info":0,"uagb_excerpt":"Categories","_links":{"self":[{"href":"https:\/\/mayaharper.showcasingme.net\/vn\/wp-json\/wp\/v2\/pages\/117","targetHints":{"allow":["GET"]}}],"collection":[{"href":"https:\/\/mayaharper.showcasingme.net\/vn\/wp-json\/wp\/v2\/pages"}],"about":[{"href":"https:\/\/mayaharper.showcasingme.net\/vn\/wp-json\/wp\/v2\/types\/page"}],"author":[{"embeddable":true,"href":"https:\/\/mayaharper.showcasingme.net\/vn\/wp-json\/wp\/v2\/users\/1"}],"replies":[{"embeddable":true,"href":"https:\/\/mayaharper.showcasingme.net\/vn\/wp-json\/wp\/v2\/comments?post=117"}],"version-history":[{"count":1,"href":"https:\/\/mayaharper.showcasingme.net\/vn\/wp-json\/wp\/v2\/pages\/117\/revisions"}],"predecessor-version":[{"id":118,"href":"https:\/\/mayaharper.showcasingme.net\/vn\/wp-json\/wp\/v2\/pages\/117\/revisions\/118"}],"wp:attachment":[{"href":"https:\/\/mayaharper.showcasingme.net\/vn\/wp-json\/wp\/v2\/media?parent=117"}],"curies":[{"name":"wp","href":"https:\/\/api.w.org\/{rel}","templated":true}]}}