{"id":198,"date":"2025-02-24T14:00:09","date_gmt":"2025-02-24T06:00:09","guid":{"rendered":"https:\/\/mayaharper.showcasingme.net\/de\/?page_id=198"},"modified":"2025-03-18T11:20:49","modified_gmt":"2025-03-18T03:20:49","slug":"virtual-bookshelf","status":"publish","type":"page","link":"https:\/\/mayaharper.showcasingme.net\/de\/virtual-bookshelf\/","title":{"rendered":"Virtual Bookshelf"},"content":{"rendered":"<div class=\"pt-cv-wrapper\"><div class=\"pt-cv-view pt-cv-grid pt-cv-colsys\" id=\"pt-cv-view-ccef17bmva\"><div data-id=\"pt-cv-page-1\" class=\"pt-cv-page\" data-cvc=\"2\"><div class=\"col-md-6 col-sm-12 col-xs-12 pt-cv-content-item pt-cv-1-col\" ><div class='pt-cv-ifield'><a href=\"https:\/\/mayaharper.showcasingme.net\/de\/transform-your-creativity-a-must-see-design-bookshelf\/\" class=\"_self pt-cv-href-thumbnail pt-cv-thumb-default\" target=\"_self\" ><img loading=\"lazy\" decoding=\"async\" width=\"770\" height=\"468\" src=\"https:\/\/mayaharper.showcasingme.net\/de\/wp-content\/uploads\/sites\/9\/2026\/03\/Screenshot-2025-03-03-105532-1024x622.png\" class=\"pt-cv-thumbnail\" alt=\"\" srcset=\"https:\/\/mayaharper.showcasingme.net\/de\/wp-content\/uploads\/sites\/9\/2026\/03\/Screenshot-2025-03-03-105532-1024x622.png 1024w, https:\/\/mayaharper.showcasingme.net\/de\/wp-content\/uploads\/sites\/9\/2026\/03\/Screenshot-2025-03-03-105532-300x182.png 300w, https:\/\/mayaharper.showcasingme.net\/de\/wp-content\/uploads\/sites\/9\/2026\/03\/Screenshot-2025-03-03-105532-768x467.png 768w, https:\/\/mayaharper.showcasingme.net\/de\/wp-content\/uploads\/sites\/9\/2026\/03\/Screenshot-2025-03-03-105532.png 1093w\" sizes=\"auto, (max-width: 770px) 100vw, 770px\" \/><\/a>\n<div class=\"pt-cv-taxoterm above_title\"><a href='https:\/\/mayaharper.showcasingme.net\/de\/category\/bookshelf\/' title='Bookshelf' class='pt-cv-tax-bookshelf'>Bookshelf<\/a><\/div>\n<h4 class=\"pt-cv-title\"><a href=\"https:\/\/mayaharper.showcasingme.net\/de\/transform-your-creativity-a-must-see-design-bookshelf\/\" class=\"_self\" target=\"_self\" >Verwandeln Sie Ihre Kreativit\u00e4t: Eine Pflichtlekt\u00fcre f\u00fcr ein Design-Buchregal<\/a><\/h4>\n<div class=\"pt-cv-content\">Entdecken Sie ein ausgew\u00e4hltes Buchregal, das der lebendigen Welt der Gestaltung gewidmet ist! Diese Sammlung umfasst eine vielf\u00e4ltige Auswahl an ...<br \/><div class=\"pt-cv-rmwrap\"><a href=\"https:\/\/mayaharper.showcasingme.net\/de\/transform-your-creativity-a-must-see-design-bookshelf\/\" class=\"_self pt-cv-readmore btn btn-success\" target=\"_self\">Weiterlesen<\/a><\/div><\/div><\/div><\/div>\n<div class=\"col-md-6 col-sm-12 col-xs-12 pt-cv-content-item pt-cv-1-col\" ><div class='pt-cv-ifield'><a href=\"https:\/\/mayaharper.showcasingme.net\/de\/a-curated-collection-of-art-and-design-books\/\" class=\"_self pt-cv-href-thumbnail pt-cv-thumb-default\" target=\"_self\" ><img loading=\"lazy\" decoding=\"async\" width=\"770\" height=\"478\" src=\"https:\/\/mayaharper.showcasingme.net\/de\/wp-content\/uploads\/sites\/9\/2026\/03\/Screenshot-2025-03-06-161746.png\" class=\"pt-cv-thumbnail\" alt=\"\" srcset=\"https:\/\/mayaharper.showcasingme.net\/de\/wp-content\/uploads\/sites\/9\/2026\/03\/Screenshot-2025-03-06-161746.png 827w, https:\/\/mayaharper.showcasingme.net\/de\/wp-content\/uploads\/sites\/9\/2026\/03\/Screenshot-2025-03-06-161746-300x186.png 300w, https:\/\/mayaharper.showcasingme.net\/de\/wp-content\/uploads\/sites\/9\/2026\/03\/Screenshot-2025-03-06-161746-768x476.png 768w\" sizes=\"auto, (max-width: 770px) 100vw, 770px\" \/><\/a>\n<div class=\"pt-cv-taxoterm above_title\"><a href='https:\/\/mayaharper.showcasingme.net\/de\/category\/bookshelf\/' title='Bookshelf' class='pt-cv-tax-bookshelf'>Bookshelf<\/a><\/div>\n<h4 class=\"pt-cv-title\"><a href=\"https:\/\/mayaharper.showcasingme.net\/de\/a-curated-collection-of-art-and-design-books\/\" class=\"_self\" target=\"_self\" >Eine ausgew\u00e4hlte Sammlung von Kunst- und Design-B\u00fcchern<\/a><\/h4>\n<div class=\"pt-cv-content\">Tauchen Sie ein in eine Welt der Inspiration mit unserer sorgf\u00e4ltig zusammengestellten Sammlung von Kunst- und Design-B\u00fcchern! Perfekt f\u00fcr K\u00fcnstler, ...<br \/><div class=\"pt-cv-rmwrap\"><a href=\"https:\/\/mayaharper.showcasingme.net\/de\/a-curated-collection-of-art-and-design-books\/\" class=\"_self pt-cv-readmore btn btn-success\" target=\"_self\">Weiterlesen<\/a><\/div><\/div><\/div><\/div><\/div><\/div><\/div>\n","protected":false},"excerpt":{"rendered":"","protected":false},"author":1,"featured_media":0,"parent":0,"menu_order":0,"comment_status":"closed","ping_status":"closed","template":"","meta":{"_yoast_wpseo_title":"","_yoast_wpseo_metadesc":"","_uag_custom_page_level_css":"","footnotes":""},"class_list":["post-198","page","type-page","status-publish","hentry"],"yoast_head":"<!-- This site is optimized with the Yoast SEO plugin v24.2 - https:\/\/yoast.com\/wordpress\/plugins\/seo\/ -->\n<title>Virtual Bookshelf - Maya Harper German<\/title>\n<meta name=\"robots\" content=\"index, follow, max-snippet:-1, max-image-preview:large, max-video-preview:-1\" \/>\n<link rel=\"canonical\" href=\"https:\/\/mayaharper.showcasingme.net\/de\/virtual-bookshelf\/\" \/>\n<meta property=\"og:locale\" content=\"de_DE\" \/>\n<meta property=\"og:type\" content=\"article\" \/>\n<meta property=\"og:title\" content=\"Virtual Bookshelf - Maya Harper German\" \/>\n<meta property=\"og:url\" content=\"https:\/\/mayaharper.showcasingme.net\/de\/virtual-bookshelf\/\" \/>\n<meta property=\"og:site_name\" content=\"Maya Harper German\" \/>\n<meta property=\"article:modified_time\" content=\"2025-03-18T03:20:49+00:00\" \/>\n<meta name=\"twitter:card\" content=\"summary_large_image\" \/>\n<meta name=\"twitter:label1\" content=\"Gesch\u00e4tzte Lesezeit\" \/>\n\t<meta name=\"twitter:data1\" content=\"1\u00a0Minute\" \/>\n<script type=\"application\/ld+json\" class=\"yoast-schema-graph\">{\"@context\":\"https:\/\/schema.org\",\"@graph\":[{\"@type\":\"WebPage\",\"@id\":\"https:\/\/mayaharper.showcasingme.net\/de\/virtual-bookshelf\/\",\"url\":\"https:\/\/mayaharper.showcasingme.net\/de\/virtual-bookshelf\/\",\"name\":\"Virtual Bookshelf - Maya Harper German\",\"isPartOf\":{\"@id\":\"https:\/\/mayaharper.showcasingme.net\/de\/#website\"},\"datePublished\":\"2025-02-24T06:00:09+00:00\",\"dateModified\":\"2025-03-18T03:20:49+00:00\",\"breadcrumb\":{\"@id\":\"https:\/\/mayaharper.showcasingme.net\/de\/virtual-bookshelf\/#breadcrumb\"},\"inLanguage\":\"de\",\"potentialAction\":[{\"@type\":\"ReadAction\",\"target\":[\"https:\/\/mayaharper.showcasingme.net\/de\/virtual-bookshelf\/\"]}]},{\"@type\":\"BreadcrumbList\",\"@id\":\"https:\/\/mayaharper.showcasingme.net\/de\/virtual-bookshelf\/#breadcrumb\",\"itemListElement\":[{\"@type\":\"ListItem\",\"position\":1,\"name\":\"Home\",\"item\":\"https:\/\/mayaharper.showcasingme.net\/de\/\"},{\"@type\":\"ListItem\",\"position\":2,\"name\":\"Virtual Bookshelf\"}]},{\"@type\":\"WebSite\",\"@id\":\"https:\/\/mayaharper.showcasingme.net\/de\/#website\",\"url\":\"https:\/\/mayaharper.showcasingme.net\/de\/\",\"name\":\"Maya Harper German\",\"description\":\"\",\"potentialAction\":[{\"@type\":\"SearchAction\",\"target\":{\"@type\":\"EntryPoint\",\"urlTemplate\":\"https:\/\/mayaharper.showcasingme.net\/de\/?s={search_term_string}\"},\"query-input\":{\"@type\":\"PropertyValueSpecification\",\"valueRequired\":true,\"valueName\":\"search_term_string\"}}],\"inLanguage\":\"de\"}]}<\/script>\n<!-- \/ Yoast SEO plugin. -->","yoast_head_json":{"title":"Virtual Bookshelf - Maya Harper German","robots":{"index":"index","follow":"follow","max-snippet":"max-snippet:-1","max-image-preview":"max-image-preview:large","max-video-preview":"max-video-preview:-1"},"canonical":"https:\/\/mayaharper.showcasingme.net\/de\/virtual-bookshelf\/","og_locale":"de_DE","og_type":"article","og_title":"Virtual Bookshelf - Maya Harper German","og_url":"https:\/\/mayaharper.showcasingme.net\/de\/virtual-bookshelf\/","og_site_name":"Maya Harper German","article_modified_time":"2025-03-18T03:20:49+00:00","twitter_card":"summary_large_image","twitter_misc":{"Gesch\u00e4tzte Lesezeit":"1\u00a0Minute"},"schema":{"@context":"https:\/\/schema.org","@graph":[{"@type":"WebPage","@id":"https:\/\/mayaharper.showcasingme.net\/de\/virtual-bookshelf\/","url":"https:\/\/mayaharper.showcasingme.net\/de\/virtual-bookshelf\/","name":"Virtual Bookshelf - Maya Harper German","isPartOf":{"@id":"https:\/\/mayaharper.showcasingme.net\/de\/#website"},"datePublished":"2025-02-24T06:00:09+00:00","dateModified":"2025-03-18T03:20:49+00:00","breadcrumb":{"@id":"https:\/\/mayaharper.showcasingme.net\/de\/virtual-bookshelf\/#breadcrumb"},"inLanguage":"de","potentialAction":[{"@type":"ReadAction","target":["https:\/\/mayaharper.showcasingme.net\/de\/virtual-bookshelf\/"]}]},{"@type":"BreadcrumbList","@id":"https:\/\/mayaharper.showcasingme.net\/de\/virtual-bookshelf\/#breadcrumb","itemListElement":[{"@type":"ListItem","position":1,"name":"Home","item":"https:\/\/mayaharper.showcasingme.net\/de\/"},{"@type":"ListItem","position":2,"name":"Virtual Bookshelf"}]},{"@type":"WebSite","@id":"https:\/\/mayaharper.showcasingme.net\/de\/#website","url":"https:\/\/mayaharper.showcasingme.net\/de\/","name":"Maya Harper German","description":"","potentialAction":[{"@type":"SearchAction","target":{"@type":"EntryPoint","urlTemplate":"https:\/\/mayaharper.showcasingme.net\/de\/?s={search_term_string}"},"query-input":{"@type":"PropertyValueSpecification","valueRequired":true,"valueName":"search_term_string"}}],"inLanguage":"de"}]}},"uagb_featured_image_src":{"full":false,"thumbnail":false,"medium":false,"medium_large":false,"large":false,"1536x1536":false,"2048x2048":false},"uagb_author_info":{"display_name":"vpadmin","author_link":"https:\/\/mayaharper.showcasingme.net\/de\/author\/vpadmin\/"},"uagb_comment_info":0,"uagb_excerpt":null,"_links":{"self":[{"href":"https:\/\/mayaharper.showcasingme.net\/de\/wp-json\/wp\/v2\/pages\/198","targetHints":{"allow":["GET"]}}],"collection":[{"href":"https:\/\/mayaharper.showcasingme.net\/de\/wp-json\/wp\/v2\/pages"}],"about":[{"href":"https:\/\/mayaharper.showcasingme.net\/de\/wp-json\/wp\/v2\/types\/page"}],"author":[{"embeddable":true,"href":"https:\/\/mayaharper.showcasingme.net\/de\/wp-json\/wp\/v2\/users\/1"}],"replies":[{"embeddable":true,"href":"https:\/\/mayaharper.showcasingme.net\/de\/wp-json\/wp\/v2\/comments?post=198"}],"version-history":[{"count":2,"href":"https:\/\/mayaharper.showcasingme.net\/de\/wp-json\/wp\/v2\/pages\/198\/revisions"}],"predecessor-version":[{"id":201,"href":"https:\/\/mayaharper.showcasingme.net\/de\/wp-json\/wp\/v2\/pages\/198\/revisions\/201"}],"wp:attachment":[{"href":"https:\/\/mayaharper.showcasingme.net\/de\/wp-json\/wp\/v2\/media?parent=198"}],"curies":[{"name":"wp","href":"https:\/\/api.w.org\/{rel}","templated":true}]}}